{"id":699,"date":"2021-08-12T13:39:44","date_gmt":"2021-08-12T13:39:44","guid":{"rendered":"https:\/\/avg.nova-pagina.com\/actividades\/"},"modified":"2024-02-21T12:44:52","modified_gmt":"2024-02-21T12:44:52","slug":"actividades","status":"publish","type":"page","link":"https:\/\/avguerreiro.pt\/es\/actividades\/","title":{"rendered":"Actividades"},"content":{"rendered":"\t\t<div data-elementor-type=\"wp-page\" data-elementor-id=\"699\" class=\"elementor elementor-699 elementor-271\" data-elementor-post-type=\"page\">\n\t\t\t\t\t\t<section class=\"elementor-section elementor-top-section elementor-element elementor-element-027d14e elementor-section-height-min-height elementor-section-boxed elementor-section-height-default elementor-section-items-middle\" data-id=\"027d14e\" data-element_type=\"section\" data-settings=\"{&quot;jet_parallax_layout_list&quot;:[{&quot;jet_parallax_layout_image&quot;:{&quot;url&quot;:&quot;&quot;,&quot;id&quot;:&quot;&quot;,&quot;size&quot;:&quot;&quot;},&quot;_id&quot;:&quot;1b65bb1&quot;,&quot;jet_parallax_layout_image_tablet&quot;:{&quot;url&quot;:&quot;&quot;,&quot;id&quot;:&quot;&quot;,&quot;size&quot;:&quot;&quot;},&quot;jet_parallax_layout_image_mobile&quot;:{&quot;url&quot;:&quot;&quot;,&quot;id&quot;:&quot;&quot;,&quot;size&quot;:&quot;&quot;},&quot;jet_parallax_layout_speed&quot;:{&quot;unit&quot;:&quot;%&quot;,&quot;size&quot;:50,&quot;sizes&quot;:[]},&quot;jet_parallax_layout_type&quot;:&quot;scroll&quot;,&quot;jet_parallax_layout_direction&quot;:null,&quot;jet_parallax_layout_fx_direction&quot;:null,&quot;jet_parallax_layout_z_index&quot;:&quot;&quot;,&quot;jet_parallax_layout_bg_x&quot;:50,&quot;jet_parallax_layout_bg_x_tablet&quot;:&quot;&quot;,&quot;jet_parallax_layout_bg_x_mobile&quot;:&quot;&quot;,&quot;jet_parallax_layout_bg_y&quot;:50,&quot;jet_parallax_layout_bg_y_tablet&quot;:&quot;&quot;,&quot;jet_parallax_layout_bg_y_mobile&quot;:&quot;&quot;,&quot;jet_parallax_layout_bg_size&quot;:&quot;auto&quot;,&quot;jet_parallax_layout_bg_size_tablet&quot;:&quot;&quot;,&quot;jet_parallax_layout_bg_size_mobile&quot;:&quot;&quot;,&quot;jet_parallax_layout_animation_prop&quot;:&quot;transform&quot;,&quot;jet_parallax_layout_on&quot;:[&quot;desktop&quot;,&quot;tablet&quot;]}],&quot;background_background&quot;:&quot;slideshow&quot;,&quot;background_slideshow_gallery&quot;:[{&quot;id&quot;:464,&quot;url&quot;:&quot;https:\\\/\\\/avguerreiro.pt\\\/wp-content\\\/uploads\\\/2021\\\/07\\\/flor-da-beira_169.jpg&quot;},{&quot;id&quot;:460,&quot;url&quot;:&quot;https:\\\/\\\/avguerreiro.pt\\\/wp-content\\\/uploads\\\/2021\\\/07\\\/flor-da-beira_154.jpg&quot;},{&quot;id&quot;:456,&quot;url&quot;:&quot;https:\\\/\\\/avguerreiro.pt\\\/wp-content\\\/uploads\\\/2021\\\/07\\\/flor-da-beira_153.jpg&quot;},{&quot;id&quot;:452,&quot;url&quot;:&quot;https:\\\/\\\/avguerreiro.pt\\\/wp-content\\\/uploads\\\/2021\\\/07\\\/flor-da-beira_130.jpg&quot;},{&quot;id&quot;:448,&quot;url&quot;:&quot;https:\\\/\\\/avguerreiro.pt\\\/wp-content\\\/uploads\\\/2021\\\/07\\\/flor-da-beira_129.jpg&quot;},{&quot;id&quot;:444,&quot;url&quot;:&quot;https:\\\/\\\/avguerreiro.pt\\\/wp-content\\\/uploads\\\/2021\\\/07\\\/flor-da-beira_104.jpg&quot;},{&quot;id&quot;:440,&quot;url&quot;:&quot;https:\\\/\\\/avguerreiro.pt\\\/wp-content\\\/uploads\\\/2021\\\/07\\\/flor-da-beira_28.jpg&quot;},{&quot;id&quot;:436,&quot;url&quot;:&quot;https:\\\/\\\/avguerreiro.pt\\\/wp-content\\\/uploads\\\/2021\\\/07\\\/empresa_peixeazul_3-37.jpg&quot;},{&quot;id&quot;:432,&quot;url&quot;:&quot;https:\\\/\\\/avguerreiro.pt\\\/wp-content\\\/uploads\\\/2021\\\/07\\\/empresa_peixeazul_3-12.jpg&quot;},{&quot;id&quot;:428,&quot;url&quot;:&quot;https:\\\/\\\/avguerreiro.pt\\\/wp-content\\\/uploads\\\/2021\\\/07\\\/empresa_peixe_azul_17.jpg&quot;},{&quot;id&quot;:424,&quot;url&quot;:&quot;https:\\\/\\\/avguerreiro.pt\\\/wp-content\\\/uploads\\\/2021\\\/07\\\/empresa_peixe_azul_2.jpg&quot;}],&quot;background_slideshow_loop&quot;:&quot;yes&quot;,&quot;background_slideshow_slide_duration&quot;:5000,&quot;background_slideshow_slide_transition&quot;:&quot;fade&quot;,&quot;background_slideshow_transition_duration&quot;:500}\">\n\t\t\t\t\t\t\t<div class=\"elementor-background-overlay\"><\/div>\n\t\t\t\t\t\t\t<div class=\"elementor-container elementor-column-gap-default\">\n\t\t\t\t\t<div class=\"elementor-column elementor-col-100 elementor-top-column elementor-element elementor-element-bbb5b3c\" data-id=\"bbb5b3c\" data-element_type=\"column\">\n\t\t\t<div class=\"elementor-widget-wrap elementor-element-populated\">\n\t\t\t\t\t\t<section class=\"elementor-section elementor-inner-section elementor-element elementor-element-3914970 elementor-section-boxed elementor-section-height-default elementor-section-height-default\" data-id=\"3914970\" data-element_type=\"section\" data-settings=\"{&quot;jet_parallax_layout_list&quot;:[{&quot;jet_parallax_layout_image&quot;:{&quot;url&quot;:&quot;&quot;,&quot;id&quot;:&quot;&quot;,&quot;size&quot;:&quot;&quot;},&quot;_id&quot;:&quot;b9e2811&quot;,&quot;jet_parallax_layout_image_tablet&quot;:{&quot;url&quot;:&quot;&quot;,&quot;id&quot;:&quot;&quot;,&quot;size&quot;:&quot;&quot;},&quot;jet_parallax_layout_image_mobile&quot;:{&quot;url&quot;:&quot;&quot;,&quot;id&quot;:&quot;&quot;,&quot;size&quot;:&quot;&quot;},&quot;jet_parallax_layout_speed&quot;:{&quot;unit&quot;:&quot;%&quot;,&quot;size&quot;:50,&quot;sizes&quot;:[]},&quot;jet_parallax_layout_type&quot;:&quot;scroll&quot;,&quot;jet_parallax_layout_direction&quot;:null,&quot;jet_parallax_layout_fx_direction&quot;:null,&quot;jet_parallax_layout_z_index&quot;:&quot;&quot;,&quot;jet_parallax_layout_bg_x&quot;:50,&quot;jet_parallax_layout_bg_x_tablet&quot;:&quot;&quot;,&quot;jet_parallax_layout_bg_x_mobile&quot;:&quot;&quot;,&quot;jet_parallax_layout_bg_y&quot;:50,&quot;jet_parallax_layout_bg_y_tablet&quot;:&quot;&quot;,&quot;jet_parallax_layout_bg_y_mobile&quot;:&quot;&quot;,&quot;jet_parallax_layout_bg_size&quot;:&quot;auto&quot;,&quot;jet_parallax_layout_bg_size_tablet&quot;:&quot;&quot;,&quot;jet_parallax_layout_bg_size_mobile&quot;:&quot;&quot;,&quot;jet_parallax_layout_animation_prop&quot;:&quot;transform&quot;,&quot;jet_parallax_layout_on&quot;:[&quot;desktop&quot;,&quot;tablet&quot;]}]}\">\n\t\t\t\t\t\t<div class=\"elementor-container elementor-column-gap-default\">\n\t\t\t\t\t<div class=\"elementor-column elementor-col-50 elementor-inner-column elementor-element elementor-element-7eece3f\" data-id=\"7eece3f\" data-element_type=\"column\">\n\t\t\t<div class=\"elementor-widget-wrap elementor-element-populated\">\n\t\t\t\t\t\t<div class=\"elementor-element elementor-element-c973c05 elementor-widget elementor-widget-heading\" data-id=\"c973c05\" data-element_type=\"widget\" data-widget_type=\"heading.default\">\n\t\t\t\t<div class=\"elementor-widget-container\">\n\t\t\t<h2 class=\"elementor-heading-title elementor-size-default\">Comercio y Congelaci\u00f3n<\/h2>\t\t<\/div>\n\t\t\t\t<\/div>\n\t\t\t\t<div class=\"elementor-element elementor-element-3457934 elementor-widget elementor-widget-text-editor\" data-id=\"3457934\" data-element_type=\"widget\" data-widget_type=\"text-editor.default\">\n\t\t\t\t<div class=\"elementor-widget-container\">\n\t\t\t\t\t\t\t<p>Tenemos como actividad principal la comercializaci\u00f3n de pescado pel\u00e1gico, fresco y congelado, destacando la exportaci\u00f3n.<\/p>\n<p>El proceso empieza comprando el pescado, directamente en las lonjas o a los proveedores y lo transportando para nuestras instalaciones. Despu\u00e9s, en la f\u00e1brica el pescado fresco es congelado (en salmuera o en t\u00fanel\/aire forzado) o acondicionado, precedidos de calibraci\u00f3n y\/o separaci\u00f3n por especies, si es necesario.<\/p>\n<p>Posteriormente, se hace la expedici\u00f3n, generalmente por medio de nuestra flota de veh\u00edculos pesados o, raramente, por los compradores.<\/p>\n<p>A la vez, es posible hacer s\u00f3lo el servicio de congelaci\u00f3n.<\/p>\n\t\t\t\t\t\t<\/div>\n\t\t\t\t<\/div>\n\t\t\t\t\t<\/div>\n\t\t<\/div>\n\t\t\t\t<div class=\"elementor-column elementor-col-50 elementor-inner-column elementor-element elementor-element-cf205f5\" data-id=\"cf205f5\" data-element_type=\"column\">\n\t\t\t<div class=\"elementor-widget-wrap elementor-element-populated\">\n\t\t\t\t\t\t<div class=\"elementor-element elementor-element-467e3b6 elementor-widget elementor-widget-image\" data-id=\"467e3b6\" data-element_type=\"widget\" data-widget_type=\"image.default\">\n\t\t\t\t<div class=\"elementor-widget-container\">\n\t\t\t\t\t\t\t\t\t\t\t\t\t<img fetchpriority=\"high\" decoding=\"async\" width=\"800\" height=\"534\" src=\"https:\/\/avguerreiro.pt\/wp-content\/uploads\/2024\/02\/Peixe-Azul-1.-1-1024x683.jpg\" class=\"attachment-large size-large wp-image-916\" alt=\"\" srcset=\"https:\/\/avguerreiro.pt\/wp-content\/uploads\/2024\/02\/Peixe-Azul-1.-1-1024x683.jpg 1024w, https:\/\/avguerreiro.pt\/wp-content\/uploads\/2024\/02\/Peixe-Azul-1.-1-300x200.jpg 300w, https:\/\/avguerreiro.pt\/wp-content\/uploads\/2024\/02\/Peixe-Azul-1.-1-768x512.jpg 768w, https:\/\/avguerreiro.pt\/wp-content\/uploads\/2024\/02\/Peixe-Azul-1.-1-1536x1024.jpg 1536w, https:\/\/avguerreiro.pt\/wp-content\/uploads\/2024\/02\/Peixe-Azul-1.-1.jpg 2048w\" sizes=\"(max-width: 800px) 100vw, 800px\" \/>\t\t\t\t\t\t\t\t\t\t\t\t\t<\/div>\n\t\t\t\t<\/div>\n\t\t\t\t\t<\/div>\n\t\t<\/div>\n\t\t\t\t\t<\/div>\n\t\t<\/section>\n\t\t\t\t<div class=\"elementor-element elementor-element-19febb2 elementor-widget-divider--view-line elementor-widget elementor-widget-divider\" data-id=\"19febb2\" data-element_type=\"widget\" data-widget_type=\"divider.default\">\n\t\t\t\t<div class=\"elementor-widget-container\">\n\t\t\t\t\t<div class=\"elementor-divider\">\n\t\t\t<span class=\"elementor-divider-separator\">\n\t\t\t\t\t\t<\/span>\n\t\t<\/div>\n\t\t\t\t<\/div>\n\t\t\t\t<\/div>\n\t\t\t\t<div class=\"elementor-element elementor-element-371da4a elementor-widget elementor-widget-heading\" data-id=\"371da4a\" data-element_type=\"widget\" data-widget_type=\"heading.default\">\n\t\t\t\t<div class=\"elementor-widget-container\">\n\t\t\t<h2 class=\"elementor-heading-title elementor-size-default\">Pesca<\/h2>\t\t<\/div>\n\t\t\t\t<\/div>\n\t\t\t\t<div class=\"elementor-element elementor-element-2f676b0 elementor-widget elementor-widget-text-editor\" data-id=\"2f676b0\" data-element_type=\"widget\" data-widget_type=\"text-editor.default\">\n\t\t\t\t<div class=\"elementor-widget-container\">\n\t\t\t\t\t\t\t<p>Es practicada pesca costera (pesca de cerco) y el pescado capturado es vendido en lonja. Nuestra flota tiene un papel importante en el puerto de Olh\u00e3o y es compuesta por dos embarcaciones:<\/p>\n\t\t\t\t\t\t<\/div>\n\t\t\t\t<\/div>\n\t\t\t\t<section class=\"elementor-section elementor-inner-section elementor-element elementor-element-4cd877a elementor-section-boxed elementor-section-height-default elementor-section-height-default\" data-id=\"4cd877a\" data-element_type=\"section\" data-settings=\"{&quot;jet_parallax_layout_list&quot;:[{&quot;jet_parallax_layout_image&quot;:{&quot;url&quot;:&quot;&quot;,&quot;id&quot;:&quot;&quot;,&quot;size&quot;:&quot;&quot;},&quot;_id&quot;:&quot;c2d2b6f&quot;,&quot;jet_parallax_layout_image_tablet&quot;:{&quot;url&quot;:&quot;&quot;,&quot;id&quot;:&quot;&quot;,&quot;size&quot;:&quot;&quot;},&quot;jet_parallax_layout_image_mobile&quot;:{&quot;url&quot;:&quot;&quot;,&quot;id&quot;:&quot;&quot;,&quot;size&quot;:&quot;&quot;},&quot;jet_parallax_layout_speed&quot;:{&quot;unit&quot;:&quot;%&quot;,&quot;size&quot;:50,&quot;sizes&quot;:[]},&quot;jet_parallax_layout_type&quot;:&quot;scroll&quot;,&quot;jet_parallax_layout_direction&quot;:null,&quot;jet_parallax_layout_fx_direction&quot;:null,&quot;jet_parallax_layout_z_index&quot;:&quot;&quot;,&quot;jet_parallax_layout_bg_x&quot;:50,&quot;jet_parallax_layout_bg_x_tablet&quot;:&quot;&quot;,&quot;jet_parallax_layout_bg_x_mobile&quot;:&quot;&quot;,&quot;jet_parallax_layout_bg_y&quot;:50,&quot;jet_parallax_layout_bg_y_tablet&quot;:&quot;&quot;,&quot;jet_parallax_layout_bg_y_mobile&quot;:&quot;&quot;,&quot;jet_parallax_layout_bg_size&quot;:&quot;auto&quot;,&quot;jet_parallax_layout_bg_size_tablet&quot;:&quot;&quot;,&quot;jet_parallax_layout_bg_size_mobile&quot;:&quot;&quot;,&quot;jet_parallax_layout_animation_prop&quot;:&quot;transform&quot;,&quot;jet_parallax_layout_on&quot;:[&quot;desktop&quot;,&quot;tablet&quot;]}]}\">\n\t\t\t\t\t\t<div class=\"elementor-container elementor-column-gap-default\">\n\t\t\t\t\t<div class=\"elementor-column elementor-col-100 elementor-inner-column elementor-element elementor-element-a5554a3\" data-id=\"a5554a3\" data-element_type=\"column\">\n\t\t\t<div class=\"elementor-widget-wrap elementor-element-populated\">\n\t\t\t\t\t\t<div class=\"elementor-element elementor-element-7090c12 elementor-widget elementor-widget-heading\" data-id=\"7090c12\" data-element_type=\"widget\" data-widget_type=\"heading.default\">\n\t\t\t\t<div class=\"elementor-widget-container\">\n\t\t\t<h3 class=\"elementor-heading-title elementor-size-default\">Flor da Beira<\/h3>\t\t<\/div>\n\t\t\t\t<\/div>\n\t\t\t\t<div class=\"elementor-element elementor-element-3c67a5d elementor-widget__width-initial elementor-view-default elementor-widget elementor-widget-icon\" data-id=\"3c67a5d\" data-element_type=\"widget\" data-widget_type=\"icon.default\">\n\t\t\t\t<div class=\"elementor-widget-container\">\n\t\t\t\t\t<div class=\"elementor-icon-wrapper\">\n\t\t\t<div class=\"elementor-icon\">\n\t\t\t<svg xmlns=\"http:\/\/www.w3.org\/2000\/svg\" xmlns:xlink=\"http:\/\/www.w3.org\/1999\/xlink\" id=\"Capa_1\" x=\"0px\" y=\"0px\" viewBox=\"0 0 299 299\" style=\"enable-background:new 0 0 299 299;\" xml:space=\"preserve\"><g>\t<path d=\"M291,141h-25.917c-1.661-25.737-11.796-49.203-27.645-67.624l18.274-18.274c3.124-3.125,3.124-8.189,0-11.314   c-3.125-3.123-8.189-3.123-11.314,0l-18.375,18.208c-18.46-16.278-42.357-26.753-68.357-28.546V8c0-4.418-3.582-8-8-8   c-4.418,0-8,3.582-8,8v25.449c-26,1.793-49.564,12.268-68.024,28.546L55.518,43.787c-3.125-3.123-8.148-3.123-11.273,0   c-3.124,3.125-3.103,8.189,0.021,11.314l18.285,18.274C46.702,91.797,36.578,115.263,34.917,141H8c-4.418,0-8,3.582-8,8   s3.582,8,8,8h26.981c1.892,25.845,12.34,49.348,28.514,67.69l-19.208,19.208c-3.124,3.125-3.124,8.189,0,11.314   c1.563,1.562,3.609,2.343,5.657,2.343c2.048,0,4.095-0.781,5.657-2.343l19.108-19.274c18.302,15.746,41.957,25.853,66.958,27.612   V291c0,4.418,3.582,8,8,8c4.418,0,8-3.582,8-8v-27.449c26-1.759,48.989-11.866,67.29-27.612l19.358,19.274   c1.563,1.562,3.651,2.343,5.699,2.343c2.048,0,4.116-0.781,5.678-2.343c3.124-3.125,3.134-8.189,0.01-11.314L236.5,224.69   c16.174-18.343,26.627-41.846,28.519-67.69H291c4.418,0,8-3.582,8-8S295.418,141,291,141z M232.979,141h-63.164l44.911-44.911   C224.868,108.591,231.461,124.072,232.979,141z M203.174,84.679l-45.507,45.507V65.56   C175.667,67.209,190.607,74.126,203.174,84.679z M141.667,65.56v64.626L96.16,84.679C108.727,74.126,124.667,67.209,141.667,65.56z    M85.274,96.089L130.186,141H67.021C68.539,124.072,75.132,108.591,85.274,96.089z M67.098,157h64.088l-45.007,45.007   C75.728,189.561,68.831,174.035,67.098,157z M97.256,213.226l44.411-44.411v62.626C125.667,229.839,109.635,223.269,97.256,213.226   z M157.667,231.44v-62.626l44.411,44.411C189.699,223.269,174.667,229.839,157.667,231.44z M213.821,202.007L168.814,157h64.088   C231.169,174.035,224.273,189.561,213.821,202.007z\"><\/path><\/g><g><\/g><g><\/g><g><\/g><g><\/g><g><\/g><g><\/g><g><\/g><g><\/g><g><\/g><g><\/g><g><\/g><g><\/g><g><\/g><g><\/g><g><\/g><\/svg>\t\t\t<\/div>\n\t\t<\/div>\n\t\t\t\t<\/div>\n\t\t\t\t<\/div>\n\t\t\t\t<div class=\"elementor-element elementor-element-787bcac elementor-widget__width-initial elementor-widget elementor-widget-text-editor\" data-id=\"787bcac\" data-element_type=\"widget\" data-widget_type=\"text-editor.default\">\n\t\t\t\t<div class=\"elementor-widget-container\">\n\t\t\t\t\t\t\t<p>Fue construida en 1987 y pertenece a la empresa desde 2006. Fue nuestra primera unidad de pesca y ha sido sometida a varias mejor\u00edas desde entonces.<br \/>\nCaracter\u00edsticas principales:<\/p>\n<ul>\n<li>Eslora total: 22,62 m<\/li>\n<li>Arqueo bruto (T.R.B): 58,39<\/li>\n<li>Motor principal: Badouin 301, 56 kw<\/li>\n<li>Puerto de matr\u00edcula: Olh\u00e3o<\/li>\n<\/ul>\n\t\t\t\t\t\t<\/div>\n\t\t\t\t<\/div>\n\t\t\t\t\t<\/div>\n\t\t<\/div>\n\t\t\t\t\t<\/div>\n\t\t<\/section>\n\t\t\t\t\t<\/div>\n\t\t<\/div>\n\t\t\t\t\t<\/div>\n\t\t<\/section>\n\t\t\t\t<\/div>\n\t\t","protected":false},"excerpt":{"rendered":"<p>Comercio y Congelaci\u00f3n Tenemos como actividad principal la comercializaci\u00f3n de pescado pel\u00e1gico, fresco y congelado, destacando la exportaci\u00f3n. El proceso empieza comprando el pescado, directamente en las lonjas o a los proveedores y lo transportando para nuestras instalaciones. Despu\u00e9s, en la f\u00e1brica el pescado fresco es congelado (en salmuera o en t\u00fanel\/aire forzado) o acondicionado, [&hellip;]<\/p>\n","protected":false},"author":1,"featured_media":156,"parent":0,"menu_order":0,"comment_status":"closed","ping_status":"closed","template":"","meta":{"footnotes":""},"class_list":["post-699","page","type-page","status-publish","has-post-thumbnail","hentry"],"_links":{"self":[{"href":"https:\/\/avguerreiro.pt\/es\/wp-json\/wp\/v2\/pages\/699","targetHints":{"allow":["GET"]}}],"collection":[{"href":"https:\/\/avguerreiro.pt\/es\/wp-json\/wp\/v2\/pages"}],"about":[{"href":"https:\/\/avguerreiro.pt\/es\/wp-json\/wp\/v2\/types\/page"}],"author":[{"embeddable":true,"href":"https:\/\/avguerreiro.pt\/es\/wp-json\/wp\/v2\/users\/1"}],"replies":[{"embeddable":true,"href":"https:\/\/avguerreiro.pt\/es\/wp-json\/wp\/v2\/comments?post=699"}],"version-history":[{"count":3,"href":"https:\/\/avguerreiro.pt\/es\/wp-json\/wp\/v2\/pages\/699\/revisions"}],"predecessor-version":[{"id":924,"href":"https:\/\/avguerreiro.pt\/es\/wp-json\/wp\/v2\/pages\/699\/revisions\/924"}],"wp:featuredmedia":[{"embeddable":true,"href":"https:\/\/avguerreiro.pt\/es\/wp-json\/wp\/v2\/media\/156"}],"wp:attachment":[{"href":"https:\/\/avguerreiro.pt\/es\/wp-json\/wp\/v2\/media?parent=699"}],"curies":[{"name":"wp","href":"https:\/\/api.w.org\/{rel}","templated":true}]}}